{"id":252,"date":"2022-06-29T10:40:20","date_gmt":"2022-06-29T10:40:20","guid":{"rendered":"https:\/\/ichthyp.org\/?page_id=252"},"modified":"2022-11-08T20:15:48","modified_gmt":"2022-11-08T20:15:48","slug":"que-es-la-ictiosis","status":"publish","type":"page","link":"https:\/\/ichthyp.org\/es\/que-es-la-ictiosis","title":{"rendered":"\u00bfQu\u00e9 es la ictiosis?"},"content":{"rendered":"<div data-elementor-type=\"wp-page\" data-elementor-id=\"252\" class=\"elementor elementor-252\">\n\t\t\t\t\t\t<section class=\"elementor-section elementor-top-section elementor-element elementor-element-ed805fa elementor-section-boxed elementor-section-height-default elementor-section-height-default\" data-id=\"ed805fa\" data-element_type=\"section\">\n\t\t\t\t\t\t<div class=\"elementor-container elementor-column-gap-default\">\n\t\t\t\t\t<div class=\"elementor-column elementor-col-50 elementor-top-column elementor-element elementor-element-30dbdd3\" data-id=\"30dbdd3\" data-element_type=\"column\">\n\t\t\t<div class=\"elementor-widget-wrap elementor-element-populated\">\n\t\t\t\t\t\t<div class=\"elementor-element elementor-element-23a5784 elementor-widget elementor-widget-heading\" data-id=\"23a5784\" data-element_type=\"widget\" data-widget_type=\"heading.default\">\n\t\t\t\t<div class=\"elementor-widget-container\">\n\t\t\t\t\t<h2 class=\"elementor-heading-title elementor-size-default\">\u00bfQu\u00e9 es la Ictiosis?\n<\/h2>\t\t\t\t<\/div>\n\t\t\t\t<\/div>\n\t\t\t\t<div class=\"elementor-element elementor-element-6d97156 elementor-widget elementor-widget-text-editor\" data-id=\"6d97156\" data-element_type=\"widget\" data-widget_type=\"text-editor.default\">\n\t\t\t\t<div class=\"elementor-widget-container\">\n\t\t\t\t\t\t\t\t\t<p>Es un\u00a0grupo de enfermedades. Existen\u00a036 tipos de ictiosis\u00a0y, aunque cada una cuenta con sus particularidades, todas ellas se caracterizan por:<\/p><div><span style=\"font-size: 1rem;\">\u00a0<\/span><\/div><p>\u2981\u00a0Sequedad cut\u00e1nea extrema que reduce o elimina la elasticidad de la piel \u2013 favorece la formaci\u00f3n de grietas y heridas que est\u00e1n siempre abiertas e impiden la correcta movilidad articular (dificultades para caminar, escribir, conducir, etc.) y son posibles focos de infecci\u00f3n.<\/p><p>\u2981\u00a0Descamaci\u00f3n severa y continua.<\/p><p>\u2981 Engrosamiento de la piel (hiperqueratosis).<\/p><p>\u2981\u00a0Enrojecimiento (eritema).<\/p><p>\u2981\u00a0Alteraci\u00f3n o inexistencia de sudoraci\u00f3n (hipohidrosis).<\/p><p>\u2981 Intolerancia al calor.<\/p><p>\u2981 Falta de regulaci\u00f3n de la temperatura corporal.<\/p>\t\t\t\t\t\t\t\t<\/div>\n\t\t\t\t<\/div>\n\t\t\t\t\t<\/div>\n\t\t<\/div>\n\t\t\t\t<div class=\"elementor-column elementor-col-50 elementor-top-column elementor-element elementor-element-24e9d7f\" data-id=\"24e9d7f\" data-element_type=\"column\">\n\t\t\t<div class=\"elementor-widget-wrap elementor-element-populated\">\n\t\t\t\t\t\t<div class=\"elementor-element elementor-element-02d0823 elementor-widget elementor-widget-spacer\" data-id=\"02d0823\" data-element_type=\"widget\" data-widget_type=\"spacer.default\">\n\t\t\t\t<div class=\"elementor-widget-container\">\n\t\t\t\t\t\t\t<div class=\"elementor-spacer\">\n\t\t\t<div class=\"elementor-spacer-inner\"><\/div>\n\t\t<\/div>\n\t\t\t\t\t\t<\/div>\n\t\t\t\t<\/div>\n\t\t\t\t<div class=\"elementor-element elementor-element-574d27b elementor-widget elementor-widget-text-editor\" data-id=\"574d27b\" data-element_type=\"widget\" data-widget_type=\"text-editor.default\">\n\t\t\t\t<div class=\"elementor-widget-container\">\n\t\t\t\t\t\t\t\t\t<p>Adem\u00e1s, en muchos casos, la ictiosis trae asociados otros problemas que deben ser tratados por los especialistas:<\/p><p>\u2981 Aparici\u00f3n de\u00a0ampollas\u00a0y heridas.<\/p><p><br \/>\u2981 Inflamaci\u00f3n cut\u00e1nea y picores\u00a0intensos que dificultan el descanso y el crecimiento.<\/p><p><br \/>\u2981 Problemas oculares\u00a0como conjuntivitis, inflamaci\u00f3n de los p\u00e1rpados o inflamaci\u00f3n de la c\u00f3rnea.<\/p><p><br \/>\u2981 Problemas de audici\u00f3n\u00a0por el exceso de piel y de cerumen en los conductos auditivos que pueden ocasionar tapones.<\/p><p><br \/>\u2981 Limitaci\u00f3n en la movilidad articular\u00a0debido a la tirantez de la piel y que puede requerir de fisioterapia.<\/p><p><br \/>\u2981 Problemas psicol\u00f3gicos\u00a0al ser una enfermedad muy visible y que requiere un gran esfuerzo econ\u00f3mico y de tiempo. <\/p><p>Actualmente no tiene cura y los tratamientos son exclusivamente sintom\u00e1ticos, es decir, para calmar y reducir el da\u00f1o.\u00a0<\/p>\t\t\t\t\t\t\t\t<\/div>\n\t\t\t\t<\/div>\n\t\t\t\t\t<\/div>\n\t\t<\/div>\n\t\t\t\t\t<\/div>\n\t\t<\/section>\n\t\t\t\t<section class=\"elementor-section elementor-top-section elementor-element elementor-element-ff46516 elementor-section-boxed elementor-section-height-default elementor-section-height-default\" data-id=\"ff46516\" data-element_type=\"section\" data-settings=\"{&quot;background_background&quot;:&quot;classic&quot;}\">\n\t\t\t\t\t\t<div class=\"elementor-container elementor-column-gap-default\">\n\t\t\t\t\t<div class=\"elementor-column elementor-col-100 elementor-top-column elementor-element elementor-element-b8d356e\" data-id=\"b8d356e\" data-element_type=\"column\">\n\t\t\t<div class=\"elementor-widget-wrap elementor-element-populated\">\n\t\t\t\t\t\t<div class=\"elementor-element elementor-element-899b219 elementor-widget elementor-widget-spacer\" data-id=\"899b219\" data-element_type=\"widget\" data-widget_type=\"spacer.default\">\n\t\t\t\t<div class=\"elementor-widget-container\">\n\t\t\t\t\t\t\t<div class=\"elementor-spacer\">\n\t\t\t<div class=\"elementor-spacer-inner\"><\/div>\n\t\t<\/div>\n\t\t\t\t\t\t<\/div>\n\t\t\t\t<\/div>\n\t\t\t\t<div class=\"elementor-element elementor-element-337d8cc elementor-widget elementor-widget-heading\" data-id=\"337d8cc\" data-element_type=\"widget\" data-widget_type=\"heading.default\">\n\t\t\t\t<div class=\"elementor-widget-container\">\n\t\t\t\t\t<h3 class=\"elementor-heading-title elementor-size-default\">\u00bfQuieres saber m\u00e1s sobre la ictiosis?<\/h3>\t\t\t\t<\/div>\n\t\t\t\t<\/div>\n\t\t\t\t<div class=\"elementor-element elementor-element-7c1afe0 elementor-align-center elementor-widget elementor-widget-button\" data-id=\"7c1afe0\" data-element_type=\"widget\" data-widget_type=\"button.default\">\n\t\t\t\t<div class=\"elementor-widget-container\">\n\t\t\t\t\t\t\t\t\t<div class=\"elementor-button-wrapper\">\n\t\t\t\t\t<a class=\"elementor-button elementor-button-link elementor-size-sm\" href=\"https:\/\/www.ictiosis.org\/genetica\/\" target=\"_blank\">\n\t\t\t\t\t\t<span class=\"elementor-button-content-wrapper\">\n\t\t\t\t\t\t\t\t\t<span class=\"elementor-button-text\">Haz click aqu\u00ed!<\/span>\n\t\t\t\t\t<\/span>\n\t\t\t\t\t<\/a>\n\t\t\t\t<\/div>\n\t\t\t\t\t\t\t\t<\/div>\n\t\t\t\t<\/div>\n\t\t\t\t<div class=\"elementor-element elementor-element-2b18a6d elementor-widget elementor-widget-spacer\" data-id=\"2b18a6d\" data-element_type=\"widget\" data-widget_type=\"spacer.default\">\n\t\t\t\t<div class=\"elementor-widget-container\">\n\t\t\t\t\t\t\t<div class=\"elementor-spacer\">\n\t\t\t<div class=\"elementor-spacer-inner\"><\/div>\n\t\t<\/div>\n\t\t\t\t\t\t<\/div>\n\t\t\t\t<\/div>\n\t\t\t\t\t<\/div>\n\t\t<\/div>\n\t\t\t\t\t<\/div>\n\t\t<\/section>\n\t\t\t\t<\/div>","protected":false},"excerpt":{"rendered":"<p>What is Ichthyosis? Ichthyosis is a group of diseases.\u00a0There are more than 36 types of ichthyoses and, although each one has its particularities, all of them are characterised by: \u00a0 \u2981\u00a0Extreme skin dryness that reduces or eliminates the elasticity of the skin \u2013 the formation of cracks and wounds that are always open and prevent [&hellip;]<\/p>","protected":false},"author":1,"featured_media":0,"parent":0,"menu_order":0,"comment_status":"closed","ping_status":"closed","template":"","meta":{"footnotes":""},"class_list":["post-252","page","type-page","status-publish","hentry"],"_links":{"self":[{"href":"https:\/\/ichthyp.org\/es\/wp-json\/wp\/v2\/pages\/252","targetHints":{"allow":["GET"]}}],"collection":[{"href":"https:\/\/ichthyp.org\/es\/wp-json\/wp\/v2\/pages"}],"about":[{"href":"https:\/\/ichthyp.org\/es\/wp-json\/wp\/v2\/types\/page"}],"author":[{"embeddable":true,"href":"https:\/\/ichthyp.org\/es\/wp-json\/wp\/v2\/users\/1"}],"replies":[{"embeddable":true,"href":"https:\/\/ichthyp.org\/es\/wp-json\/wp\/v2\/comments?post=252"}],"version-history":[{"count":37,"href":"https:\/\/ichthyp.org\/es\/wp-json\/wp\/v2\/pages\/252\/revisions"}],"predecessor-version":[{"id":498,"href":"https:\/\/ichthyp.org\/es\/wp-json\/wp\/v2\/pages\/252\/revisions\/498"}],"wp:attachment":[{"href":"https:\/\/ichthyp.org\/es\/wp-json\/wp\/v2\/media?parent=252"}],"curies":[{"name":"wp","href":"https:\/\/api.w.org\/{rel}","templated":true}]}}