{"id":314,"date":"2022-06-29T15:15:40","date_gmt":"2022-06-29T15:15:40","guid":{"rendered":"https:\/\/ichthyp.org\/?page_id=314"},"modified":"2022-11-08T20:24:31","modified_gmt":"2022-11-08T20:24:31","slug":"como-colaborar","status":"publish","type":"page","link":"https:\/\/ichthyp.org\/es\/como-colaborar","title":{"rendered":"C\u00f3mo colaborar"},"content":{"rendered":"<div data-elementor-type=\"wp-page\" data-elementor-id=\"314\" class=\"elementor elementor-314\">\n\t\t\t\t\t\t<section class=\"elementor-section elementor-top-section elementor-element elementor-element-cf7be98 elementor-section-boxed elementor-section-height-default elementor-section-height-default\" data-id=\"cf7be98\" data-element_type=\"section\">\n\t\t\t\t\t\t<div class=\"elementor-container elementor-column-gap-default\">\n\t\t\t\t\t<div class=\"elementor-column elementor-col-50 elementor-top-column elementor-element elementor-element-5340d4c\" data-id=\"5340d4c\" data-element_type=\"column\">\n\t\t\t<div class=\"elementor-widget-wrap elementor-element-populated\">\n\t\t\t\t\t\t<div class=\"elementor-element elementor-element-c8a0baa elementor-hidden-mobile elementor-widget elementor-widget-spacer\" data-id=\"c8a0baa\" data-element_type=\"widget\" data-widget_type=\"spacer.default\">\n\t\t\t\t<div class=\"elementor-widget-container\">\n\t\t\t\t\t\t\t<div class=\"elementor-spacer\">\n\t\t\t<div class=\"elementor-spacer-inner\"><\/div>\n\t\t<\/div>\n\t\t\t\t\t\t<\/div>\n\t\t\t\t<\/div>\n\t\t\t\t<div class=\"elementor-element elementor-element-02519f5 elementor-invisible elementor-widget elementor-widget-heading\" data-id=\"02519f5\" data-element_type=\"widget\" data-settings=\"{&quot;_animation&quot;:&quot;fadeInLeft&quot;}\" data-widget_type=\"heading.default\">\n\t\t\t\t<div class=\"elementor-widget-container\">\n\t\t\t\t\t<h4 class=\"elementor-heading-title elementor-size-default\">How can you help us?<\/h4>\t\t\t\t<\/div>\n\t\t\t\t<\/div>\n\t\t\t\t<div class=\"elementor-element elementor-element-96f02cc elementor-invisible elementor-widget elementor-widget-text-editor\" data-id=\"96f02cc\" data-element_type=\"widget\" data-settings=\"{&quot;_animation&quot;:&quot;fadeInLeft&quot;}\" data-widget_type=\"text-editor.default\">\n\t\t\t\t<div class=\"elementor-widget-container\">\n\t\t\t\t\t\t\t\t\t<p>El gran problema de las enfermedades raras es que su investigaci\u00f3n no es rentable para las grandes farmac\u00e9uticas y cualquier avance hacia la investigaci\u00f3n de la cura se queda paralizado por falta de medios.<\/p><p>Eso deja a las personas afectadas en una situaci\u00f3n de vulnerabilidad perpetua.\u00a0<\/p><p>Si quieres ayudarnos, lo \u00fanico que tienes que hacer es rellenar este formulario para que podamos ponernos en contacto contigo y veamos las diferentes posibilidades de colaboraci\u00f3n.<\/p>\t\t\t\t\t\t\t\t<\/div>\n\t\t\t\t<\/div>\n\t\t\t\t<div class=\"elementor-element elementor-element-6c6186c elementor-mobile-align-center elementor-invisible elementor-widget elementor-widget-button\" data-id=\"6c6186c\" data-element_type=\"widget\" data-settings=\"{&quot;_animation&quot;:&quot;fadeInLeft&quot;}\" data-widget_type=\"button.default\">\n\t\t\t\t<div class=\"elementor-widget-container\">\n\t\t\t\t\t\t\t\t\t<div class=\"elementor-button-wrapper\">\n\t\t\t\t\t<a class=\"elementor-button elementor-button-link elementor-size-sm elementor-animation-grow\" href=\"http:\/\/www.ictiosis.org\/ip\" target=\"_blank\">\n\t\t\t\t\t\t<span class=\"elementor-button-content-wrapper\">\n\t\t\t\t\t\t\t\t\t<span class=\"elementor-button-text\">Rellenar formulario<\/span>\n\t\t\t\t\t<\/span>\n\t\t\t\t\t<\/a>\n\t\t\t\t<\/div>\n\t\t\t\t\t\t\t\t<\/div>\n\t\t\t\t<\/div>\n\t\t\t\t\t<\/div>\n\t\t<\/div>\n\t\t\t\t<div class=\"elementor-column elementor-col-50 elementor-top-column elementor-element elementor-element-69d2b3e\" data-id=\"69d2b3e\" data-element_type=\"column\">\n\t\t\t<div class=\"elementor-widget-wrap elementor-element-populated\">\n\t\t\t\t\t\t<div class=\"elementor-element elementor-element-62b688c elementor-invisible elementor-widget elementor-widget-image\" data-id=\"62b688c\" data-element_type=\"widget\" data-settings=\"{&quot;_animation&quot;:&quot;fadeInRight&quot;}\" data-widget_type=\"image.default\">\n\t\t\t\t<div class=\"elementor-widget-container\">\n\t\t\t\t\t\t\t\t\t\t\t\t\t\t\t<img fetchpriority=\"high\" decoding=\"async\" width=\"800\" height=\"714\" src=\"https:\/\/ichthyp.org\/wp-content\/uploads\/2022\/06\/Recurso-manos-1024x914.png\" class=\"attachment-large size-large wp-image-340\" alt=\"\" srcset=\"https:\/\/ichthyp.org\/wp-content\/uploads\/2022\/06\/Recurso-manos-1024x914.png 1024w, https:\/\/ichthyp.org\/wp-content\/uploads\/2022\/06\/Recurso-manos-300x268.png 300w, https:\/\/ichthyp.org\/wp-content\/uploads\/2022\/06\/Recurso-manos-768x685.png 768w, https:\/\/ichthyp.org\/wp-content\/uploads\/2022\/06\/Recurso-manos-1536x1370.png 1536w, https:\/\/ichthyp.org\/wp-content\/uploads\/2022\/06\/Recurso-manos.png 1937w\" sizes=\"(max-width: 800px) 100vw, 800px\" \/>\t\t\t\t\t\t\t\t\t\t\t\t\t\t\t<\/div>\n\t\t\t\t<\/div>\n\t\t\t\t\t<\/div>\n\t\t<\/div>\n\t\t\t\t\t<\/div>\n\t\t<\/section>\n\t\t\t\t<\/div>","protected":false},"excerpt":{"rendered":"<p>How can you help us? The big problem with rare diseases is that their research is not profitable for the big pharmaceutical companies and any progress towards researching a cure is paralyzed due to lack of resources. This leaves affected people in a situation of perpetual vulnerability. If you want to help us, all you [&hellip;]<\/p>","protected":false},"author":1,"featured_media":0,"parent":0,"menu_order":0,"comment_status":"closed","ping_status":"closed","template":"","meta":{"footnotes":""},"class_list":["post-314","page","type-page","status-publish","hentry"],"_links":{"self":[{"href":"https:\/\/ichthyp.org\/es\/wp-json\/wp\/v2\/pages\/314","targetHints":{"allow":["GET"]}}],"collection":[{"href":"https:\/\/ichthyp.org\/es\/wp-json\/wp\/v2\/pages"}],"about":[{"href":"https:\/\/ichthyp.org\/es\/wp-json\/wp\/v2\/types\/page"}],"author":[{"embeddable":true,"href":"https:\/\/ichthyp.org\/es\/wp-json\/wp\/v2\/users\/1"}],"replies":[{"embeddable":true,"href":"https:\/\/ichthyp.org\/es\/wp-json\/wp\/v2\/comments?post=314"}],"version-history":[{"count":43,"href":"https:\/\/ichthyp.org\/es\/wp-json\/wp\/v2\/pages\/314\/revisions"}],"predecessor-version":[{"id":511,"href":"https:\/\/ichthyp.org\/es\/wp-json\/wp\/v2\/pages\/314\/revisions\/511"}],"wp:attachment":[{"href":"https:\/\/ichthyp.org\/es\/wp-json\/wp\/v2\/media?parent=314"}],"curies":[{"name":"wp","href":"https:\/\/api.w.org\/{rel}","templated":true}]}}